{"id":343,"date":"2020-05-10T13:44:22","date_gmt":"2020-05-10T13:44:22","guid":{"rendered":"https:\/\/zia2020.soon-online.com\/zahnarzte-im-achten\/"},"modified":"2025-11-08T12:05:28","modified_gmt":"2025-11-08T12:05:28","slug":"zahnarzte-im-achten","status":"publish","type":"page","link":"https:\/\/www.zahnaerzte-im-achten.at\/en\/","title":{"rendered":"Zahn\u00e4rzte im Achten"},"content":{"rendered":"<h1>Welcome to Zahn\u00e4rzte im Achten<\/h1>\n<div>\n<p>In 2012, Dr. Stephen Weinl\u00e4nder, MBA, took over the renowned dental office on Josefst\u00e4dter Stra\u00dfe 13\/25 in 1080 Vienna. He expanded the office by offering a wide range of services.<\/p>\n<p data-pm-slice=\"1 1 []\">In the knowledge of tradition\u00a0 DDr. Walter Sutter took over the ordination in 2022 for continuing the thought of interdisciplinary dental excelence structure.<\/p>\n<p>The Zahn\u00e4rzte im Achten team is happy to be at your service and includes specialists in the fields of restorative dentistry, periodontology and maxilla-facial surgery as well as paediatric and adolescent dentistry.<\/p>\n<\/div>\n<blockquote>\n<p>\u201cOur goal is to give you a healthy and radiant smile \u2013 and to be a dental office you enjoy visiting.\u201d<\/p>\n<footer>\n<p>                <cite>Zahn\u00e4rzte im Achten<\/cite><\/p>\n<\/footer>\n<\/blockquote>\n<ul>\n<li>\n<p>        <img decoding=\"async\" src=\"\/wp-content\/uploads\/photo-1550985543-f1ea83691cd8.jpg\" alt=\"\"><\/p>\n<\/li>\n<li>\n<p>        <img decoding=\"async\" src=\"\/wp-content\/uploads\/photo-1558906384-f1c3c2dc30c4-scaled.jpg\" alt=\"\"><\/p>\n<\/li>\n<\/ul>\n<div>\n<p>        <img decoding=\"async\" src=\"\/wp-content\/uploads\/2020\/05\/zia2020-logo-expanded-bw.png\" alt=\"\"><\/p>\n<h3>Why Zahn\u00e4rzte im Achten?<\/h3>\n<div>\n<p>Our experts from many specialist areas in dentistry offer a wide range of services, including interdisciplinary planning. Fillings, root canal treatment, crowns, bridges, inlays and dentures are manufactured using high-quality materials in line with state-of-the-art treatment concepts in cooperation with renowned dental laboratories in Vienna. We focus on long-term preventive treatment through regular care by our prophylaxis assistants.<\/p>\n<\/div>\n<\/div>\n<h2>Our expertise for your well-being<\/h2>\n<ul>\n<li>\n<h3>DDr. Sutter<\/h3>\n<div>\n<p>&#8230;works as a senior physician for oral and maxillofacial surgery and specialised in implantology.\u00a0<\/p>\n<\/div>\n<\/li>\n<li>\n<h3>Frau Dr. Eva Oppolzer<\/h3>\n<div>\n<p>&#8230;is an expert in the field of paediatric and adolescent dentistry; she additionally offers dental hypnosis and behavioural techniques for children<\/p>\n<\/div>\n<\/li>\n<li>\n<h3>Frau Dr. Farnusch Glanz<\/h3>\n<div>\n<p>&#8230;pediatric dentistry, prevention and behavioral management<\/p>\n<\/div>\n<\/li>\n<li>\n<h3>The Team<\/h3>\n<p><a href=\"https:\/\/www.zahnaerzte-im-achten.at\/en\/team\/\">read more<\/a><\/p>\n<\/li>\n<\/ul>\n<blockquote>\n<p>\u201cA smile sits only on the lips, but laughter finds its place and good grace in the teeth.\u201d<\/p>\n<footer>\n<p>                <cite>Joseph Joubert (1754 \u2013 1824), French Moralist<\/cite><\/p>\n<\/footer>\n<\/blockquote>\n<ul>\n<li>\n<p>        <img decoding=\"async\" src=\"\/wp-content\/uploads\/2020\/05\/allgemeine_zahnarzt_versorgung.png\" alt=\"\"><\/p>\n<h2>General Dental Care<\/h2>\n<p><a href=\"https:\/\/zia2020.soon-online.com\/en\/services\/general-dental-care\/\"><\/a><\/p>\n<\/li>\n<li>\n<p>        <img decoding=\"async\" src=\"\/wp-content\/uploads\/2020\/05\/paradontitis_behandlung.png\" alt=\"\"><\/p>\n<h2>Periodontal Treatment<\/h2>\n<p><a href=\"https:\/\/zia2020.soon-online.com\/en\/services\/periodontal-treatment\/\"><\/a><\/p>\n<\/li>\n<li>\n<p>        <img decoding=\"async\" src=\"\/wp-content\/uploads\/2020\/05\/professionelle_mundhygiene.png\" alt=\"\"><\/p>\n<h2>Professional Dental Hygiene<\/h2>\n<p><a href=\"https:\/\/www.zahnaerzte-im-achten.at\/en\/services\/professional-dental-hygiene\/\"><\/a><\/p>\n<\/li>\n<li>\n<p>        <img decoding=\"async\" src=\"\/wp-content\/uploads\/2020\/05\/aesthetische_kosmetische_zahnheilkunde.png\" alt=\"\"><\/p>\n<h2>Aesthetic \/ Cosmetic Dentistry<\/h2>\n<p><a href=\"https:\/\/www.zahnaerzte-im-achten.at\/en\/services\/aesthetic-cosmetic-dentistry\/\"><\/a><\/p>\n<\/li>\n<li>\n<p>        <img decoding=\"async\" src=\"\/wp-content\/uploads\/2020\/05\/endodentie_wurzelbehandlung.png\" alt=\"\"><\/p>\n<h2>Endodontics (root canal treatment)<\/h2>\n<p><a href=\"https:\/\/www.zahnaerzte-im-achten.at\/en\/services\/endodontics-root-canal-treatment\/\"><\/a><\/p>\n<\/li>\n<li>\n<p>        <img decoding=\"async\" src=\"\/wp-content\/uploads\/2020\/05\/implantologie.png\" alt=\"\"><\/p>\n<h2>Implantology<\/h2>\n<p><a href=\"https:\/\/www.zahnaerzte-im-achten.at\/en\/services\/implantology\/\"><\/a><\/p>\n<\/li>\n<li>\n<p>        <img decoding=\"async\" src=\"\/wp-content\/uploads\/2020\/05\/chirurgische-eingriffe.png\" alt=\"\"><\/p>\n<h2>Surgical interventions<\/h2>\n<p><a href=\"https:\/\/www.zahnaerzte-im-achten.at\/en\/services\/surgical-interventions\/\"><\/a><\/p>\n<\/li>\n<li>\n<p>        <img decoding=\"async\" src=\"\/wp-content\/uploads\/2020\/05\/alterszahnheilkunde.png\" alt=\"\"><\/p>\n<h2>Geriatric dentistry<\/h2>\n<p><a href=\"https:\/\/www.zahnaerzte-im-achten.at\/en\/services\/geriatric-dentistry\/\"><\/a><\/p>\n<\/li>\n<li>\n<p>        <img decoding=\"async\" src=\"\/wp-content\/uploads\/2020\/05\/wurzelspitzen_resektion.png\" alt=\"\"><\/p>\n<h2>Root tip surgery<\/h2>\n<p><a href=\"https:\/\/www.zahnaerzte-im-achten.at\/en\/services\/root-tip-surgery\/\"><\/a><\/p>\n<\/li>\n<li>\n<p>        <img decoding=\"async\" src=\"\/wp-content\/uploads\/2020\/05\/hypnose-und-spezielle-verhaltensfuI%CC%80%C2%88hrung.png\" alt=\"\"><\/p>\n<h2>Children\u2019s hypnosis and special behaviour guidance<\/h2>\n<p><a href=\"https:\/\/www.zahnaerzte-im-achten.at\/en\/services\/childrens-hypnosis-and-special-behaviour-guidance\/\"><\/a><\/p>\n<\/li>\n<li>\n<p>        <img decoding=\"async\" src=\"\/wp-content\/uploads\/2020\/05\/kinder-und-jugendzahnkunde.png\" alt=\"\"><\/p>\n<h2>Paediatric and adolescent dentistry<\/h2>\n<p><a href=\"https:\/\/www.zahnaerzte-im-achten.at\/en\/services\/paediatric-and-adolescent-dentistry\/\"><\/a><\/p>\n<\/li>\n<li>\n<p>        <img decoding=\"async\" src=\"\/wp-content\/uploads\/2020\/05\/hypnose-und-spezielle-verhaltensfuI%CC%80%C2%88hrung.png\" alt=\"\"><\/p>\n<h2>Narcosis<\/h2>\n<p><a href=\"https:\/\/www.zahnaerzte-im-achten.at\/en\/services\/narcosis\/\"><\/a><\/p>\n<\/li>\n<\/ul>\n<p><p>\n        <a href=\"https:\/\/www.zahnaerzte-im-achten.at\/en\/services\/\">Service Overview<\/a>\n    <\/p>\n<\/p>\n<p><!--more--><br \/>\n<!-- {\"name\":\"layout HOME-001 DE\",\"type\":\"layout\",\"children\":[{\"type\":\"section\",\"props\":{\"image_position\":\"center-center\",\"padding_remove_horizontal\":false,\"style\":\"default\",\"title_breakpoint\":\"xl\",\"title_position\":\"top-left\",\"title_rotation\":\"left\",\"vertical_align\":\"\",\"width\":\"xlarge\",\"width_expand\":\"right\"},\"children\":[{\"type\":\"row\",\"props\":{\"column_gap\":\"large\",\"layout\":\"1-3,2-3\"},\"children\":[{\"type\":\"column\",\"props\":{\"image_position\":\"center-center\",\"image_size\":\"contain\",\"position_sticky_breakpoint\":\"m\",\"vertical_align\":\"middle\",\"width_medium\":\"1-3\"},\"children\":[{\"type\":\"headline\",\"props\":{\"content\":\"Welcome to Zahn\\u00e4rzte im Achten\",\"title_element\":\"h1\",\"title_font_family\":\"primary\",\"title_style\":\"h1\"}},{\"type\":\"text\",\"props\":{\"column_breakpoint\":\"m\",\"content\":\"\n\n<p>In 2012, Dr. Stephen Weinl\\u00e4nder, MBA, took over the renowned dental office on Josefst\\u00e4dter Stra\\u00dfe 13\\\/25 in 1080 Vienna. He expanded the office by offering a wide range of services.<\\\/p>\\n\n\n<p data-pm-slice=\\\"1 1 []\\\">In the knowledge of tradition\\u00a0 DDr. Walter Sutter took over the ordination in 2022 for continuing the thought of interdisciplinary dental excelence structure.<\\\/p>\\n\n\n<p>The Zahn\\u00e4rzte im Achten team is happy to be at your service and includes specialists in the fields of restorative dentistry, periodontology and maxilla-facial surgery as well as paediatric and adolescent dentistry.<\\\/p>\",\"margin\":\"default\"}},{\"type\":\"quotation\",\"props\":{\"author\":\"Zahn\\u00e4rzte im Achten\",\"content\":\"\n\n<p>\\u201cOur goal is to give you a healthy and radiant smile \\u2013 and to be a dental office you enjoy visiting.\\u201d<\\\/p>\",\"margin\":\"large\",\"margin_remove_bottom\":true}}]},{\"type\":\"column\",\"props\":{\"image_position\":\"center-center\",\"position_sticky_breakpoint\":\"m\",\"width_medium\":\"2-3\"},\"children\":[{\"type\":\"slideshow\",\"props\":{\"link_style\":\"primary\",\"link_text\":\"Read more\",\"margin\":\"default\",\"meta_align\":\"below-title\",\"meta_element\":\"div\",\"meta_style\":\"text-meta\",\"nav\":\"dotnav\",\"nav_align\":\"left\",\"nav_below\":true,\"nav_breakpoint\":\"s\",\"nav_position\":\"bottom-center\",\"nav_position_margin\":\"medium\",\"nav_vertical\":false,\"overlay_animation\":\"parallax\",\"overlay_container\":\"expand\",\"overlay_container_padding\":\"xlarge\",\"overlay_position\":\"center-left\",\"overlay_style\":\"overlay-default\",\"show_content\":true,\"show_link\":true,\"show_meta\":true,\"show_thumbnail\":true,\"show_title\":true,\"slidenav\":\"bottom-right\",\"slidenav_breakpoint\":\"s\",\"slidenav_large\":true,\"slidenav_margin\":\"medium\",\"slidenav_outside_breakpoint\":\"xl\",\"slideshow_autoplay_pause\":true,\"slideshow_box_shadow\":\"xlarge\",\"slideshow_min_height\":300,\"thumbnav_height\":\"75\",\"thumbnav_svg_color\":\"emphasis\",\"thumbnav_width\":\"100\",\"title_element\":\"h3\",\"title_hover_style\":\"reset\",\"title_style\":\"heading-medium\"},\"children\":[{\"type\":\"slideshow_item\",\"props\":{\"content\":\"\",\"image\":\"wp-content\\\/uploads\\\/photo-1550985543-f1ea83691cd8.jpg\",\"link_text\":\"Mehr erfahren\",\"meta\":\"\",\"text_color\":\"dark\",\"title\":\"\"}},{\"type\":\"slideshow_item\",\"props\":{\"content\":\"\",\"image\":\"wp-content\\\/uploads\\\/photo-1558906384-f1c3c2dc30c4-scaled.jpg\",\"link_text\":\"Mehr erfahren\",\"meta\":\"\",\"text_color\":\"dark\",\"title\":\"\"}}],\"name\":\"Slider 001\"}]}]}]},{\"type\":\"section\",\"props\":{\"image_position\":\"center-center\",\"padding_remove_horizontal\":false,\"style\":\"default\",\"title_breakpoint\":\"xl\",\"title_position\":\"top-left\",\"title_rotation\":\"left\",\"vertical_align\":\"\",\"width\":\"xlarge\"},\"children\":[{\"type\":\"row\",\"props\":{\"column_gap\":\"large\",\"divider\":false,\"layout\":\"1-4,3-4\",\"row_gap\":\"large\"},\"children\":[{\"type\":\"column\",\"props\":{\"image_position\":\"center-center\",\"image_size\":\"contain\",\"position_sticky_breakpoint\":\"m\",\"preserve_color\":false,\"style\":\"tile-primary\",\"vertical_align\":\"middle\",\"width_medium\":\"1-4\"},\"children\":[{\"type\":\"panel\",\"props\":{\"content\":\"\n\n<p>Our experts from many specialist areas in dentistry offer a wide range of services, including interdisciplinary planning. Fillings, root canal treatment, crowns, bridges, inlays and dentures are manufactured using high-quality materials in line with state-of-the-art treatment concepts in cooperation with renowned dental laboratories in Vienna. We focus on long-term preventive treatment through regular care by our prophylaxis assistants.<\\\/p>\",\"content_column_breakpoint\":\"m\",\"content_margin\":\"large\",\"icon_width\":80,\"image\":\"wp-content\\\/uploads\\\/2020\\\/05\\\/zia2020-logo-expanded-bw.png\",\"image_align\":\"between\",\"image_grid_breakpoint\":\"m\",\"image_grid_width\":\"1-2\",\"image_margin\":\"large\",\"image_svg_color\":\"emphasis\",\"link_style\":\"default\",\"link_text\":\"Read more\",\"margin\":\"default\",\"meta_align\":\"below-title\",\"meta_element\":\"div\",\"meta_style\":\"text-meta\",\"title\":\"Why Zahn\\u00e4rzte im Achten?\",\"title_align\":\"top\",\"title_element\":\"h3\",\"title_grid_breakpoint\":\"m\",\"title_grid_width\":\"1-2\",\"title_hover_style\":\"reset\"}}]},{\"type\":\"column\",\"props\":{\"image_position\":\"center-center\",\"position_sticky_breakpoint\":\"m\",\"vertical_align\":\"middle\",\"width_medium\":\"3-4\"},\"children\":[{\"type\":\"headline\",\"props\":{\"content\":\"Our expertise for your well-being\",\"margin\":\"large\",\"title_decoration\":\"bullet\",\"title_element\":\"h2\"}},{\"type\":\"grid\",\"props\":{\"content_column_breakpoint\":\"m\",\"filter_align\":\"left\",\"filter_all\":true,\"filter_grid_breakpoint\":\"m\",\"filter_grid_width\":\"auto\",\"filter_position\":\"top\",\"filter_style\":\"tab\",\"grid_column_gap\":\"large\",\"grid_default\":\"1\",\"grid_medium\":\"3\",\"grid_row_gap\":\"large\",\"icon_width\":80,\"image_align\":\"top\",\"image_grid_breakpoint\":\"m\",\"image_grid_width\":\"1-2\",\"image_svg_color\":\"emphasis\",\"item_animation\":true,\"lightbox_bg_close\":true,\"link_style\":\"primary\",\"link_text\":\"read more\",\"margin\":\"default\",\"meta_align\":\"below-title\",\"meta_element\":\"div\",\"meta_style\":\"text-meta\",\"parallax_easing\":\"1\",\"show_content\":true,\"show_hover_image\":true,\"show_hover_video\":true,\"show_image\":true,\"show_link\":true,\"show_meta\":true,\"show_title\":true,\"show_video\":true,\"title_align\":\"top\",\"title_element\":\"h3\",\"title_grid_breakpoint\":\"m\",\"title_grid_width\":\"1-2\",\"title_hover_style\":\"reset\"},\"children\":[{\"type\":\"grid_item\",\"props\":{\"content\":\"\n\n<p>...works as a senior physician for oral and maxillofacial surgery and specialised in implantology.\\u00a0<\\\/p>\",\"title\":\"DDr. Sutter\"}},{\"type\":\"grid_item\",\"props\":{\"content\":\"\n\n<p>...is a specialist in periodontology, recognized by the Austrian Society for Periodontology on account of his additional training as \\u201cMaster of Science and Periodontology\\u201d at the Medical University of Vienna.\\u00a0<\\\/p>\",\"status\":\"disabled\",\"title\":\"Dr. Haririan\"}},{\"type\":\"grid_item\",\"props\":{\"content\":\"\n\n<p>...is an expert in the field of paediatric and adolescent dentistry; she additionally offers dental hypnosis and behavioural techniques for children<\\\/p>\",\"title\":\"Frau Dr. Eva Oppolzer\"}},{\"type\":\"grid_item\",\"props\":{\"content\":\"\n\n<p>...pediatric dentistry, prevention and behavioral management<\\\/p>\",\"title\":\"Frau Dr. Farnusch Glanz\"}},{\"type\":\"grid_item\",\"props\":{\"link\":\"team\\\/\",\"title\":\"The Team\"}}]},{\"type\":\"quotation\",\"props\":{\"author\":\"Joseph Joubert (1754 \\u2013 1824), French Moralist\",\"content\":\"\n\n<p>\\u201cA smile sits only on the lips, but laughter finds its place and good grace in the teeth.\\u201d<\\\/p>\",\"margin\":\"large\"}}]}]}]},{\"type\":\"section\",\"props\":{\"image_position\":\"center-center\",\"padding_remove_horizontal\":false,\"style\":\"default\",\"title_breakpoint\":\"xl\",\"title_position\":\"top-left\",\"title_rotation\":\"left\",\"vertical_align\":\"\",\"width\":\"xlarge\"},\"children\":[{\"type\":\"row\",\"props\":{\"column_gap\":\"large\",\"divider\":false,\"layout\":\"1-4,3-4\",\"row_gap\":\"large\"},\"children\":[{\"type\":\"column\",\"props\":{\"image\":\"wp-content\\\/uploads\\\/2020\\\/05\\\/zia2020-logo-expanded-bw.png\",\"image_position\":\"center-center\",\"image_size\":\"contain\",\"position_sticky_breakpoint\":\"m\",\"preserve_color\":false,\"vertical_align\":\"middle\",\"width_medium\":\"1-4\"}},{\"type\":\"column\",\"props\":{\"image_position\":\"center-center\",\"order_first\":\"m\",\"position_sticky_breakpoint\":\"m\",\"vertical_align\":\"middle\",\"width_medium\":\"3-4\"},\"children\":[{\"type\":\"grid\",\"props\":{\"content_column_breakpoint\":\"m\",\"filter_align\":\"left\",\"filter_all\":true,\"filter_grid_breakpoint\":\"m\",\"filter_grid_width\":\"auto\",\"filter_position\":\"top\",\"filter_style\":\"tab\",\"grid_default\":\"1\",\"grid_medium\":\"3\",\"icon_width\":50,\"image_align\":\"left\",\"image_grid_breakpoint\":\"m\",\"image_grid_column_gap\":\"small\",\"image_grid_row_gap\":\"small\",\"image_grid_width\":\"1-4\",\"image_svg_color\":\"emphasis\",\"image_vertical_align\":true,\"image_width\":\"40\",\"item_animation\":true,\"lightbox_bg_close\":true,\"link_size\":\"small\",\"link_style\":\"default\",\"link_text\":\"\",\"margin\":\"default\",\"meta_align\":\"below-title\",\"meta_element\":\"div\",\"meta_style\":\"text-meta\",\"panel_image_no_padding\":false,\"panel_link\":true,\"panel_link_hover\":\"true\",\"panel_padding\":\"small\",\"panel_style\":\"card-primary\",\"parallax_easing\":\"1\",\"show_content\":false,\"show_hover_image\":true,\"show_hover_video\":true,\"show_image\":true,\"show_link\":true,\"show_meta\":false,\"show_title\":true,\"show_video\":true,\"text_align\":\"right\",\"title_align\":\"top\",\"title_element\":\"h2\",\"title_grid_breakpoint\":\"m\",\"title_grid_width\":\"1-2\",\"title_hover_style\":\"reset\",\"title_style\":\"h5\"},\"children\":[{\"type\":\"grid_item\",\"props\":{\"content\":\"\",\"image\":\"wp-content\\\/uploads\\\/2020\\\/05\\\/allgemeine_zahnarzt_versorgung.png\",\"link\":\"https:\\\/\\\/zia2020.soon-online.com\\\/en\\\/services\\\/general-dental-care\\\/\",\"title\":\"General Dental Care\"}},{\"type\":\"grid_item\",\"props\":{\"content\":\"\",\"image\":\"wp-content\\\/uploads\\\/2020\\\/05\\\/paradontitis_behandlung.png\",\"link\":\"https:\\\/\\\/zia2020.soon-online.com\\\/en\\\/services\\\/periodontal-treatment\\\/\",\"title\":\"Periodontal Treatment\"}},{\"type\":\"grid_item\",\"props\":{\"content\":\"\",\"image\":\"wp-content\\\/uploads\\\/2020\\\/05\\\/professionelle_mundhygiene.png\",\"link\":\"en\\\/services\\\/professional-dental-hygiene\\\/\",\"title\":\"Professional Dental Hygiene\"}},{\"type\":\"grid_item\",\"props\":{\"content\":\"\",\"image\":\"wp-content\\\/uploads\\\/2020\\\/05\\\/aesthetische_kosmetische_zahnheilkunde.png\",\"link\":\"en\\\/services\\\/aesthetic-cosmetic-dentistry\\\/\",\"title\":\"Aesthetic \\\/ Cosmetic Dentistry\"}},{\"type\":\"grid_item\",\"props\":{\"content\":\"\",\"image\":\"wp-content\\\/uploads\\\/2020\\\/05\\\/endodentie_wurzelbehandlung.png\",\"link\":\"en\\\/services\\\/endodontics-root-canal-treatment\\\/\",\"title\":\"Endodontics (root canal treatment)\"}},{\"type\":\"grid_item\",\"props\":{\"content\":\"\",\"image\":\"wp-content\\\/uploads\\\/2020\\\/05\\\/implantologie.png\",\"link\":\"en\\\/services\\\/implantology\\\/\",\"title\":\"Implantology\"}},{\"type\":\"grid_item\",\"props\":{\"content\":\"\",\"image\":\"wp-content\\\/uploads\\\/2020\\\/05\\\/chirurgische-eingriffe.png\",\"link\":\"en\\\/services\\\/surgical-interventions\\\/\",\"title\":\"Surgical interventions\"}},{\"type\":\"grid_item\",\"props\":{\"content\":\"\",\"image\":\"wp-content\\\/uploads\\\/2020\\\/05\\\/alterszahnheilkunde.png\",\"link\":\"en\\\/services\\\/geriatric-dentistry\\\/\",\"title\":\"Geriatric dentistry\"}},{\"type\":\"grid_item\",\"props\":{\"content\":\"\",\"image\":\"wp-content\\\/uploads\\\/2020\\\/05\\\/wurzelspitzen_resektion.png\",\"link\":\"en\\\/services\\\/root-tip-surgery\\\/\",\"title\":\"Root tip surgery\"}},{\"type\":\"grid_item\",\"props\":{\"content\":\"\",\"image\":\"wp-content\\\/uploads\\\/2020\\\/05\\\/hypnose-und-spezielle-verhaltensfuI\\u0300\\u0088hrung.png\",\"link\":\"en\\\/services\\\/childrens-hypnosis-and-special-behaviour-guidance\\\/\",\"title\":\"Children\\u2019s hypnosis and special behaviour guidance\"}},{\"type\":\"grid_item\",\"props\":{\"content\":\"\",\"image\":\"wp-content\\\/uploads\\\/2020\\\/05\\\/kinder-und-jugendzahnkunde.png\",\"link\":\"en\\\/services\\\/paediatric-and-adolescent-dentistry\\\/\",\"title\":\"Paediatric and adolescent dentistry\"}},{\"type\":\"grid_item\",\"props\":{\"content\":\"\",\"image\":\"wp-content\\\/uploads\\\/2020\\\/05\\\/hypnose-und-spezielle-verhaltensfuI\\u0300\\u0088hrung.png\",\"link\":\"en\\\/services\\\/narcosis\\\/\",\"title\":\"Narcosis\"}}],\"name\":\"Leistungs\\u00fcbersicht Single Page\"},{\"type\":\"button\",\"props\":{\"button_size\":\"large\",\"grid_column_gap\":\"small\",\"grid_row_gap\":\"small\",\"margin\":\"large\"},\"children\":[{\"type\":\"button_item\",\"props\":{\"button_style\":\"primary\",\"content\":\"Service Overview\",\"dialog_layout\":\"modal\",\"dialog_offcanvas_flip\":true,\"icon\":\"thumbnails\",\"icon_align\":\"left\",\"link\":\"en\\\/services\\\/\"}}]}]}]}],\"name\":\"Leistungs\\u00fcbersicht Single Page En\",\"modified\":\"2020-11-17T15:03:11.631Z\"}],\"version\":\"4.5.26\"} --><\/p>\n","protected":false},"excerpt":{"rendered":"<p>Welcome to Zahn\u00e4rzte im Achten In 2012, Dr. Stephen Weinl\u00e4nder, MBA, took over the renowned dental office on Josefst\u00e4dter Stra\u00dfe 13\/25 in 1080 Vienna. He expanded the office by offering a wide range of services. In the knowledge of tradition\u00a0 DDr. Walter Sutter took over the ordination in 2022 for continuing the thought of interdisciplinary [&hellip;]<\/p>\n","protected":false},"author":2,"featured_media":0,"parent":0,"menu_order":0,"comment_status":"closed","ping_status":"closed","template":"","meta":{"footnotes":""},"class_list":["post-343","page","type-page","status-publish","hentry"],"_links":{"self":[{"href":"https:\/\/www.zahnaerzte-im-achten.at\/en\/wp-json\/wp\/v2\/pages\/343","targetHints":{"allow":["GET"]}}],"collection":[{"href":"https:\/\/www.zahnaerzte-im-achten.at\/en\/wp-json\/wp\/v2\/pages"}],"about":[{"href":"https:\/\/www.zahnaerzte-im-achten.at\/en\/wp-json\/wp\/v2\/types\/page"}],"author":[{"embeddable":true,"href":"https:\/\/www.zahnaerzte-im-achten.at\/en\/wp-json\/wp\/v2\/users\/2"}],"replies":[{"embeddable":true,"href":"https:\/\/www.zahnaerzte-im-achten.at\/en\/wp-json\/wp\/v2\/comments?post=343"}],"version-history":[{"count":21,"href":"https:\/\/www.zahnaerzte-im-achten.at\/en\/wp-json\/wp\/v2\/pages\/343\/revisions"}],"predecessor-version":[{"id":731,"href":"https:\/\/www.zahnaerzte-im-achten.at\/en\/wp-json\/wp\/v2\/pages\/343\/revisions\/731"}],"wp:attachment":[{"href":"https:\/\/www.zahnaerzte-im-achten.at\/en\/wp-json\/wp\/v2\/media?parent=343"}],"curies":[{"name":"wp","href":"https:\/\/api.w.org\/{rel}","templated":true}]}}